{"id":225,"date":"2024-12-17T21:32:16","date_gmt":"2024-12-17T21:32:16","guid":{"rendered":"https:\/\/wordpress.ibo-tec.de\/?page_id=225"},"modified":"2025-01-11T19:06:01","modified_gmt":"2025-01-11T19:06:01","slug":"impressum","status":"publish","type":"page","link":"https:\/\/wordpress.ibo-tec.de\/de\/impressum\/","title":{"rendered":"Impressum"},"content":{"rendered":"\n<p><strong>Verantwortlich f\u00fcr den Inhalt dieser Seiten:<\/strong><\/p>\n\n\n\n<p>IBO GmbH<br>Ammerthalstra\u00dfe 9<br>85551 Kirchheim b. M\u00fcnchen<br>Deutschland<\/p>\n\n\n\n<p>Telefon: +49 89 991 557-0<\/p>\n\n\n\n<p>Email:&nbsp;<a href=\"mailto:info@ibo-tec.de\">info@ibo-tec.de<\/a><\/p>\n\n\n\n<p>Sitz: Kirchheim b. M\u00fcnchen<br>Registergericht: Amtsgericht M\u00fcnchen<br>Registernummer: HRB 99593<br>Umsatzsteuer-Identifikationsnummer: DE 812 588 147<\/p>\n\n\n\n<p>Gesch\u00e4ftsf\u00fchrer: Steffen Victor<\/p>\n\n\n\n<p>Inhaltlich Verantwortlicher gem\u00e4\u00df \u00a7 55 Abs. 2 RStV:<br>Steffen Victor<br>IBO GmbH<br>Ammerthalstra\u00dfe 9<br>85551 Kirchheim b. M\u00fcnchen<br>Deutschland<\/p>\n\n\n\n<p><strong>Haftungshinweis:<\/strong><br>Trotz sorgf\u00e4ltiger inhaltlicher Kontrolle \u00fcbernehmen wir keine Haftung f\u00fcr die Inhalte externer Links. F\u00fcr den Inhalt der verlinkten Seiten sind ausschlie\u00dflich deren Betreiber verantwortlich.<\/p>\n\n\n\n<p><strong>Copyright-Informationen:<\/strong><\/p>\n\n\n\n<p>IBO, DRK, LRL, GARL, ARL, FX sowie das IBO-Logo sind Marken, die f\u00fcr die IBO GmbH in zahlreichen L\u00e4ndern eingetragen sind. Diese Marken sind markenrechtlich zugunsten der IBO GmbH gesch\u00fctzt.<\/p>\n\n\n\n<p>Alle Rechte vorbehalten. Die \u00dcbernahme von Daten und Inhalten zur Aufnahme in Online-Dienste und Internet sowie die Vervielf\u00e4ltigungen in Printmedien und auf Datentr\u00e4ger insbesondere CD-ROM, DVD etc. auch auszugsweise, ist nur nach vorheriger schriftlicher Zustimmung des Herausgebers zul\u00e4ssig.<\/p>\n","protected":false},"excerpt":{"rendered":"<p>Verantwortlich f\u00fcr den Inhalt dieser Seiten: IBO GmbHAmmerthalstra\u00dfe 985551 Kirchheim b. M\u00fcnchenDeutschland Telefon: +49 89 991 557-0 Email:&nbsp;info@ibo-tec.de Sitz: Kirchheim b. M\u00fcnchenRegistergericht: Amtsgericht M\u00fcnchenRegisternummer: HRB 99593Umsatzsteuer-Identifikationsnummer: DE 812 588 147 Gesch\u00e4ftsf\u00fchrer: Steffen Victor Inhaltlich Verantwortlicher gem\u00e4\u00df \u00a7 55 Abs. 2 RStV:Steffen VictorIBO GmbHAmmerthalstra\u00dfe 985551 Kirchheim b. M\u00fcnchenDeutschland Haftungshinweis:Trotz sorgf\u00e4ltiger inhaltlicher Kontrolle \u00fcbernehmen wir keine Haftung [&hellip;]<\/p>\n","protected":false},"author":4,"featured_media":0,"parent":0,"menu_order":0,"comment_status":"closed","ping_status":"closed","template":"","meta":{"_acf_changed":false,"inline_featured_image":false,"footnotes":""},"class_list":["post-225","page","type-page","status-publish","hentry"],"acf":[],"_links":{"self":[{"href":"https:\/\/wordpress.ibo-tec.de\/de\/wp-json\/wp\/v2\/pages\/225","targetHints":{"allow":["GET"]}}],"collection":[{"href":"https:\/\/wordpress.ibo-tec.de\/de\/wp-json\/wp\/v2\/pages"}],"about":[{"href":"https:\/\/wordpress.ibo-tec.de\/de\/wp-json\/wp\/v2\/types\/page"}],"author":[{"embeddable":true,"href":"https:\/\/wordpress.ibo-tec.de\/de\/wp-json\/wp\/v2\/users\/4"}],"replies":[{"embeddable":true,"href":"https:\/\/wordpress.ibo-tec.de\/de\/wp-json\/wp\/v2\/comments?post=225"}],"version-history":[{"count":7,"href":"https:\/\/wordpress.ibo-tec.de\/de\/wp-json\/wp\/v2\/pages\/225\/revisions"}],"predecessor-version":[{"id":279,"href":"https:\/\/wordpress.ibo-tec.de\/de\/wp-json\/wp\/v2\/pages\/225\/revisions\/279"}],"wp:attachment":[{"href":"https:\/\/wordpress.ibo-tec.de\/de\/wp-json\/wp\/v2\/media?parent=225"}],"curies":[{"name":"wp","href":"https:\/\/api.w.org\/{rel}","templated":true}]}}