{"id":237,"date":"2024-12-17T21:55:48","date_gmt":"2024-12-17T21:55:48","guid":{"rendered":"https:\/\/wordpress.ibo-tec.de\/?page_id=237"},"modified":"2025-01-11T19:12:56","modified_gmt":"2025-01-11T19:12:56","slug":"datenschutz","status":"publish","type":"page","link":"https:\/\/wordpress.ibo-tec.de\/de\/datenschutz\/","title":{"rendered":"Datenschutz"},"content":{"rendered":"\n<p><strong>Wir nehmen Datenschutz ernst.<\/strong><\/p>\n\n\n\n<p>Der Schutz Ihrer Privatsph\u00e4re bei der Verarbeitung pers\u00f6nlicher Daten ist f\u00fcr uns ein wichtiges Anliegen. Wenn Sie unsere Webseite besuchen, speichern unsere Webserver standardm\u00e4\u00dfig die IP Ihres Internet Service Provider, die Webseite, von der aus Sie uns besuchen, die Webseiten, die Sie bei uns besuchen sowie das Datum und die Dauer des Besuches. Diese Informationen sind f\u00fcr die technische \u00dcbertragung der Webseiten und den sicheren Serverbetrieb zwingend erforderlich. Eine personalisierte Auswertung dieser Daten erfolgt nicht.<\/p>\n\n\n\n<p>Sofern Sie uns Daten per Kontakt-Formular senden, werden diese Daten im Zuge der Datensicherung auf unseren Servern gespeichert. Ihre Daten werden von uns ausschlie\u00dflich zur Bearbeitung Ihres Anliegens verwendet. Ihre Daten werden streng vertraulich behandelt. Eine Weitergabe an Dritte erfolgt nicht.<\/p>\n\n\n\n<p>Verantwortliche Stelle:<\/p>\n\n\n\n<p>IBO GmbH<br>Ammerthalstra\u00dfe 9<br>85551 Kirchheim b. M\u00fcnchen<br>Deutschland<br>Telefon: +49 89 991 557-0<br>Email:\u00a0<a href=\"mailto:info@e-ibo.de\">info@ibo-tec.de<\/a><\/p>\n\n\n\n<p><strong>Personenbezogene Daten<\/strong><\/p>\n\n\n\n<p>Personenbezogene Daten sind Daten \u00fcber Ihre Person. Diese beinhalten Ihren Namen, Ihre Adresse und Ihre E-Mail-Adresse. Sie m\u00fcssen auch keine personenbezogenen Daten preisgeben, um unsere Internetseite besuchen zu k\u00f6nnen. In einigen F\u00e4llen ben\u00f6tigen wir Ihren Namen und Adresse sowie weitere Informationen, um Ihnen die gew\u00fcnschte Dienstleistung anbieten zu k\u00f6nnen.<\/p>\n\n\n\n<p>Das Gleiche gilt f\u00fcr den Fall, dass wir Sie auf Wunsch mit Informationsmaterial beliefern bzw. wenn wir Ihre Anfragen beantworten. In diesen F\u00e4llen werden wir Sie immer darauf hinweisen. Au\u00dferdem speichern wir nur die Daten, die Sie uns automatisch oder freiwillig \u00fcbermittelt haben.<\/p>\n\n\n\n<p>Wenn Sie einen unserer Services nutzen, sammeln wir in der Regel nur die Daten, die notwendig sind, um Ihnen unseren Service bieten zu k\u00f6nnen. M\u00f6glicherweise fragen wir Sie nach weiteren Informationen, die aber freiwilliger Natur sind. Wann immer wir personenbezogene Daten verarbeiten, tun wir dies, um Ihnen unseren Service anbieten zu k\u00f6nnen oder um unsere kommerziellen Ziele zu verfolgen.<\/p>\n\n\n\n<p><strong>Automatisch gespeicherte, nicht personenbezogene Daten<\/strong><\/p>\n\n\n\n<p>Wenn Sie unsere Internetseiten besuchen, speichern wir aus administrativen und technischen Gr\u00fcnden bestimmte Informationen. Diese sind: Typ und Version des verwendeten Browsers, Datum und Uhrzeit des Zugriffs, sowie die IP-Adresse.<\/p>\n\n\n\n<p>Diese Daten werden anonymisiert und lediglich f\u00fcr statistische Zwecke bzw. daf\u00fcr verwendet, unsere Internet- und Onlinedienste zu verbessern.<\/p>\n\n\n\n<p>Diese anonymisierten Daten werden \u2013 getrennt von personenbezogenen Daten \u2013 auf sicheren Systemen gespeichert und k\u00f6nnen keinen individuellen Personen zugeordnet werden. Das bedeutet, dass Ihre personenbezogenen Daten jederzeit gesch\u00fctzt bleiben.<\/p>\n\n\n\n<p><strong>Cookies<\/strong><\/p>\n\n\n\n<p>Wenn Sie unsere Internetseiten besuchen, speichern wir m\u00f6glicherweise Informationen auf Ihrem Computer in Form von Cookies. Cookies sind kleine Dateien, die von einem Internetserver an Ihren Browser \u00fcbertragen und auf dessen Festplatte gespeichert werden. Die Rechtsgrundlage f\u00fcr die Verwendung von Cookies stellt dabei Art. 6 Abs. 1 lit f DSGVO dar.<\/p>\n\n\n\n<p>Lediglich die Internet Protokoll Adresse wird hierbei gespeichert \u2013 keine sonstigen personenbezogenen Daten. Diese Information, die in den Cookies gespeichert wird, erlaubt es, Sie bei dem n\u00e4chsten Besuch auf unserer Internetseite automatisch wiederzuerkennen, wodurch Ihnen die Nutzung erleichtert wird.<\/p>\n\n\n\n<p>Nat\u00fcrlich k\u00f6nnen Sie unsere Internetseiten auch besuchen, ohne Cookies zu akzeptieren. Wenn Sie nicht m\u00f6chten, dass Ihr Computer beim n\u00e4chsten Besuch wiedererkannt wird, k\u00f6nnen Sie die Verwendung von Cookies auch ablehnen, indem Sie die Einstellungen in Ihrem Browser auf \u201eCookies ablehnen\u201c \u00e4ndern. Die jeweilige Vorgehensweise finden Sie in der Bedienungsanleitung Ihres jeweiligen Browsers. Wenn Sie die Verwendung von Cookies ablehnen, kann es jedoch zu Einschr\u00e4nkungen in der Nutzung mancher Bereiche unserer Internetseiten kommen.<\/p>\n\n\n\n<p><strong>Google Analytics mit Anonymisierungsfunktion<\/strong><\/p>\n\n\n\n<p>Wir setzen auf unserer Seite Google Analytics, einen Webanalysedienst der Firma Google Inc., 1600 Amphitheatre Parkway, Mountain View, CA 94043, USA, nachfolgend \u201eGoogle\u201c ein. Google Analytics verwendet sog. \u201eCookies\u201c, Textdateien, die auf Ihrem Computer gespeichert werden und hierdurch eine Analyse der Benutzung der Website durch Sie erm\u00f6glichen.<\/p>\n\n\n\n<p>Die durch diese Cookies erzeugten Informationen, beispielsweise Zeit, Ort und H\u00e4ufigkeit Ihres Webseiten-Besuchs einschlie\u00dflich Ihrer IP-Adresse, werden an Google in den USA \u00fcbertragen und dort gespeichert.<\/p>\n\n\n\n<p>Wir verwenden auf unserer Website Google Analytics mit dem Zusatz \u201e_gat._anonymizeIp\u201c. Ihre IP-Adresse wird in diesem Fall von Google schon innerhalb von Mitgliedstaaten der Europ\u00e4ischen Union oder in anderen Vertragsstaaten des Abkommens \u00fcber den Europ\u00e4ischen Wirtschaftsraum gek\u00fcrzt und dadurch anonymisiert.<\/p>\n\n\n\n<p>Google wird diese Informationen benutzen, um Ihre Nutzung unserer Seite auszuwerten, um Berichte \u00fcber die Websiteaktivit\u00e4ten f\u00fcr uns zusammenzustellen und um weitere mit der Websitenutzung und der Internetnutzung verbundene Dienstleistungen zu erbringen. Auch wird Google diese Informationen gegebenenfalls an Dritte \u00fcbertragen, sofern dies gesetzlich vorgeschrieben oder soweit Dritte diese Daten im Auftrag von Google verarbeiten.<\/p>\n\n\n\n<p>Google wird, nach eigenen Angaben, in keinem Fall Ihre IP-Adresse mit anderen Daten von Google in Verbindung bringen. Sie k\u00f6nnen die Installation der Cookies durch eine entsprechende Einstellung Ihrer Browser-Software verhindern; wir weisen Sie jedoch darauf hin, dass Sie in diesem Fall gegebenenfalls nicht s\u00e4mtliche Funktionen unserer Website vollumf\u00e4nglich nutzen k\u00f6nnen.<\/p>\n\n\n\n<p>Des Weiteren bietet Google f\u00fcr die g\u00e4ngigsten Browser ein Deaktivierungs-Add-on an, welches Ihnen mehr Kontrolle dar\u00fcber gibt, welche Daten von Google zu der von Ihnen aufgerufenen Websites erfasst werden. Das Add-on teilt dem JavaScript (ga.js) von Google Analytics mit, dass keine Informationen zum Website-Besuch an Google Analytics \u00fcbermittelt werden sollen. Das Deaktivierungs-Add-on f\u00fcr Browser von Google Analytics verhindert aber nicht, dass Informationen an uns oder an andere von uns gegebenenfalls eingesetzte Webanalyse-Services \u00fcbermittelt werden. Weitere Informationen zur Installation des Browser Add-on erhalten Sie \u00fcber nachfolgenden Link:&nbsp;<a href=\"https:\/\/tools.google.com\/dlpage\/gaoptout?hl=de\" target=\"_blank\" rel=\"noreferrer noopener\">https:\/\/tools.google.com\/dlpage\/gaoptout?hl=de<\/a><\/p>\n\n\n\n<p>Wenn Sie unsere Seite \u00fcber ein mobiles Endger\u00e4t (Smartphone oder Tablet) besuchen, m\u00fcssen Sie stattdessen diesen&nbsp;<a>Opt-Out-Link<\/a>&nbsp;klicken, um das Tracking durch Google Analytics innerhalb dieser Website zuk\u00fcnftig zu unterbinden. Dies ist auch als Alternative zu obigem Browser-Add-On m\u00f6glich. Durch Klicken des Links wird ein Opt-Out-Cookie in Ihrem Browser gesetzt, das nur f\u00fcr diesen Browser und diese Domain g\u00fcltig ist. Wenn Sie die Cookies in diesem Browser l\u00f6schen, wird auch das Opt-Out-Cookie gel\u00f6scht, so dass Sie den Link erneut klicken m\u00fcssen.<\/p>\n\n\n\n<p>Sofern Sie zugestimmt haben, dass Ihr Web- und App-Browserverlauf von Google mit Ihrem Google-Konto verkn\u00fcpft wird und Informationen aus ihrem Google-Konto zum Personalisieren von Anzeigen verwendet werden, verwendet Google Ihre Daten zusammen mit Google Analytics-Daten, um Zielgruppenlisten f\u00fcr ger\u00e4te\u00fcbergreifendes Remarketing zu erstellen. Dazu werden von Google Analytics zun\u00e4chst auf unserer Website Ihre Google-authentifizierte ID erfasst, die mit Ihrem Google-Konto verkn\u00fcpft sind (also personenbezogene Daten). Anschlie\u00dfend wird von Google Analytics Ihre ID vor\u00fcbergehend mit Ihren Google Analytics-Daten verkn\u00fcpft, um unsere Zielgruppen zu optimieren.<br>Wenn Sie damit nicht einverstanden sind, k\u00f6nnen Sie dies durch entsprechende Einstellungen im Bereich \u201eMein Konto\u201c Ihres Google-Kontos abstellen.<\/p>\n\n\n\n<p><strong>Google Doubleclick<\/strong><\/p>\n\n\n\n<p>Doubleclick by Google ist eine Dienstleistung von Google Inc., 1600 Amphitheatre Parkway, Mountain View, CA 94043, USA (\u201eGoogle\u201c).&nbsp;Doubleclick by Google verwendet Cookies um Ihnen f\u00fcr Sie relevante Werbeanzeigen zu pr\u00e4sentieren. Dabei wird Ihrem Browser eine pseudonyme Identifikationsnummer (ID) zugeordnet, um zu \u00fcberpr\u00fcfen, welche Anzeigen in Ihrem Browser eingeblendet wurden und welche Anzeigen aufgerufen wurden. Die Cookies enthalten keine personenbezogenen Informationen. Die Verwendung der Doubleclick-Cookies erm\u00f6glicht Google und seinen Partner-Webseiten lediglich die Schaltung von Anzeigen auf Basis vorheriger Besuche auf unserer oder anderen Webseiten im Internet. Die durch die Cookies erzeugten Informationen werden von Google zur Auswertung an einen Server in den USA \u00fcbertragen und dort gespeichert. Google beachtet die Datenschutzbestimmungen des \u201ePrivacy Shield\u201c-Abkommens und ist beim \u201ePrivacy Shield\u201c-Programm des US-Handelsministeriums registriert. Eine \u00dcbertragung der Daten durch Google an Dritte findet nur aufgrund gesetzlicher Vorschriften oder im Rahmen der Auftragsdatenverarbeitung statt. Keinesfalls wird Google ihre Daten mit anderen von Google erfassten Daten zusammenbringen.<\/p>\n\n\n\n<p>Durch die Nutzung unserer Webseiten erkl\u00e4ren Sie sich mit der Bearbeitung der \u00fcber Sie erhobenen Daten durch Google und der zuvor beschriebenen Art und Weise der Datenverarbeitung sowie dem benannten Zweck einverstanden. Sie k\u00f6nnen die Speicherung der Cookies durch eine entsprechende Einstellung Ihrer Browser-Software verhindern; wir weisen Sie jedoch darauf hin, dass Sie in diesem Fall gegebenenfalls nicht s\u00e4mtliche Funktionen unserer Webseiten vollumf\u00e4nglich werden nutzen k\u00f6nnen. Sie k\u00f6nnen dar\u00fcber hinaus die Erfassung der durch die Cookies erzeugten und auf Ihre Nutzung der Webseiten bezogenen Daten an Google sowie die Verarbeitung dieser Daten durch Google verhindern, indem sie das unter dem folgenden&nbsp;<a href=\"https:\/\/www.google.com\/settings\/ads\/onweb\/\" target=\"_blank\" rel=\"noreferrer noopener\">Link<\/a>&nbsp;unter dem Punkt \u201eDoubleclick-Deaktivierungserweiterung\u201c verf\u00fcgbare Browser-Plugin herunterladen und installieren.<\/p>\n\n\n\n<p>Wollen Sie dieses Tracking unterbinden, dann k\u00f6nnen Sie daf\u00fcr den folgenden&nbsp;<a>Opt-Out-Link<\/a>&nbsp;verwenden.<\/p>\n\n\n\n<p><strong>Google Maps<\/strong><\/p>\n\n\n\n<p>Diese Website benutzt Google Maps zur Darstellung von Karten und zur Erstellung von Anfahrtspl\u00e4nen.<\/p>\n\n\n\n<p>Google Maps wird von Google Inc., 1600 Amphitheatre Parkway, Mountain View, CA 94043, USA betrieben.<\/p>\n\n\n\n<p>Durch die Nutzung von Google Maps auf dieser Website erkl\u00e4ren Sie sich mit der Erfassung, Bearbeitung sowie der Nutzung der automatisch erhobenen sowie der von Ihnen eingegeben Daten durch Google, einer seiner Vertreter, oder Drittanbieter einverstanden.<\/p>\n\n\n\n<p>Die Nutzungsbedingungen f\u00fcr Google Maps finden Sie&nbsp;<a href=\"https:\/\/www.google.com\/intl\/de_de\/help\/terms_maps.html\" target=\"_blank\" rel=\"noreferrer noopener\">hier<\/a>.<\/p>\n\n\n\n<p>Die Datenschutzerkl\u00e4rung von Google Maps k\u00f6nnen Sie&nbsp;<a href=\"https:\/\/www.google.de\/intl\/de\/policies\/privacy\/\" target=\"_blank\" rel=\"noreferrer noopener\">hier<\/a>&nbsp;einsehen.<\/p>\n\n\n\n<p><strong>Goolge Ads mit Conversion Tracking<\/strong><\/p>\n\n\n\n<p>Diese Website nutzt das Online-Werbeprogramm &#8222;Google Ads&#8220; und im Rahmen von Google Ads das Conversion-Tracking der Google Inc., 1600 Amphitheatre Parkway, Mountain View, CA 94043, USA (\u201eGoogle\u201c).<\/p>\n\n\n\n<p>Google Ads wird genutzt, um mit Hilfe von Werbemitteln (sogenannten Google AdWords) auf externen Webseiten auf attraktive Angebote dieser Website aufmerksam zu machen. Es kann in Relation zu den Daten der Werbekampagnen ermittelt werden, wie erfolgreich die einzelnen Werbema\u00dfnahmen sind. Damit verfolgt diese Website das Interesse, Ihnen Werbung anzuzeigen, die f\u00fcr Sie von Interesse ist, die Website f\u00fcr Sie interessanter zu gestalten und eine faire Berechnung von Werbe-Kosten zu erreichen.<\/p>\n\n\n\n<p>Das Cookie f\u00fcr Conversion-Tracking wird gesetzt, wenn ein Nutzer auf eine von Google geschaltete Ads-Anzeige klickt. Bei Cookies handelt es sich um kleine Textdateien, die auf Ihrem Computersystem abgelegt werden. Diese Cookies verlieren in der Regel nach 30 Tagen ihre G\u00fcltigkeit und dienen nicht der pers\u00f6nlichen Identifizierung. Besucht der Nutzer bestimmte Seiten dieser Website und das Cookie ist noch nicht abgelaufen, k\u00f6nnen Google und diese Website erkennen, dass der Nutzer auf die Anzeige geklickt hat und zu dieser Seite weitergeleitet wurde. Jeder Google Ads-Kunde erh\u00e4lt ein anderes Cookie. Cookies k\u00f6nnen somit nicht \u00fcber die Websites von Ads-Kunden nachverfolgt werden. Die mithilfe des Conversion-Cookies eingeholten Informationen dienen dazu, Conversion-Statistiken f\u00fcr Ads-Kunden zu erstellen, die sich f\u00fcr Conversion-Tracking entschieden haben. Die Kunden erfahren die Gesamtanzahl der Nutzer, die auf ihre Anzeige geklickt haben und zu einer mit einem Conversion-Tracking-Tag versehenen Seite weitergeleitet wurden. Sie erhalten jedoch keine Informationen, mit denen sich Nutzer pers\u00f6nlich identifizieren lassen. Wenn Sie nicht am Tracking teilnehmen m\u00f6chten, k\u00f6nnen Sie diese Nutzung blockieren, indem Sie das Cookie des Google Conversion-Trackings \u00fcber ihren Internet-Browser unter Nutzereinstellungen deaktivieren. Sie werden sodann nicht in die Conversion-Tracking Statistiken aufgenommen. Diese Website setzt Google Ads auf Grund des berechtigten Interesses an einer zielgerichteten Werbung gem. Art. 6 Abs. 1 lit. f DSGVO ein.<\/p>\n\n\n\n<p>Google Inc. mit Sitz in den USA ist f\u00fcr das US-Europ\u00e4ische Datenschutz\u00fcbereinkommen \u201ePrivacy Shield\u201c zertifiziert, welches die Einhaltung des in der EU geltenden Datenschutzniveaus gew\u00e4hrleistet.<\/p>\n\n\n\n<p>Unter der nachstehenden Internetadresse erhalten Sie weitere Informationen \u00fcber die Datenschutzbestimmungen von Google:&nbsp;<a href=\"http:\/\/www.google.de\/policies\/privacy\/\" target=\"_blank\" rel=\"noreferrer noopener\">http:\/\/www.google.de\/policies\/privacy\/<\/a><\/p>\n\n\n\n<p>Sie k\u00f6nnen Cookies f\u00fcr Anzeigenvorgaben dauerhaft deaktivieren, indem Sie diese durch eine entsprechende Einstellung Ihrer Browser-Software verhindern oder das unter folgendem Link verf\u00fcgbare Browser-Plug-in herunterladen und installieren:&nbsp;<a href=\"http:\/\/www.google.com\/settings\/ads\/plugin?hl=de\" target=\"_blank\" rel=\"noreferrer noopener\">http:\/\/www.google.com\/settings\/ads\/plugin?hl=de<\/a><\/p>\n\n\n\n<p>Bitte beachten Sie, dass bestimmte Funktionen dieser Website m\u00f6glicherweise nicht oder nur eingeschr\u00e4nkt genutzt werden k\u00f6nnen, wenn Sie die Verwendung von Cookies deaktiviert haben.<\/p>\n\n\n\n<p>Wollen Sie dieses Tracking unterbinden, dann k\u00f6nnen Sie daf\u00fcr den folgenden&nbsp;<a>Opt-Out-Link<\/a>&nbsp;verwenden.<\/p>\n\n\n\n<p><strong>Google Tag Manager<\/strong><\/p>\n\n\n\n<p>Auf dieser Website kommt der Dienst \u201cGoogle Tag Manager\u201d zum Einsatz. Der Tag Manager ist ein Tool zur Verwaltung von sogenannten Tags, welche beim Tracking im Onlinemarketing eingesetzt werden. Der Google Tag Manager selbst verarbeitet dabei keine personenbezogenen Daten, da er rein der Verwaltung von anderen Diensten \u2013 bspw. Google Analytics, etc. \u2013 dient. Weitere Informationen zum Tag Manager finden Sie unter:&nbsp;<a href=\"https:\/\/www.google.com\/intl\/de\/tagmanager\/use-policy.html\">https:\/\/www.google.com\/intl\/de\/tagmanager\/use-policy.html<\/a><\/p>\n\n\n\n<p><strong>YouTube im erweiterten Datenschutzmodus<\/strong><\/p>\n\n\n\n<p>Wir setzen zum Einbinden von Videos den Anbieter YouTube ein. Die Videos wurden dabei im erweiterten Datenschutzmodus eingebettet. Wie die meisten Websites verwendet aber auch YouTube Cookies, um Informationen \u00fcber die Besucher ihrer Internetseite zu sammeln. YouTube verwendet diese unter anderem zur Erfassung von Videostatistiken, zur Vermeidung von Betrug und zur Verbesserung der Userfreundlichkeit. Auch f\u00fchrt dies zu einer Verbindungsaufnahme mit dem Google Doubleclick Netzwerk. Wenn Sie das Video starten, k\u00f6nnte dies weitere Datenverarbeitungsvorg\u00e4nge ausl\u00f6sen. Darauf haben wir keinen Einfluss. Weitere Informationen \u00fcber Datenschutz bei YouTube finden Sie in deren Datenschutzerkl\u00e4rung unter:&nbsp;<a href=\"http:\/\/www.youtube.com\/t\/privacy_at_youtube\" target=\"_blank\" rel=\"noreferrer noopener\">http:\/\/www.youtube.com\/t\/privacy_at_youtube<\/a><\/p>\n\n\n\n<p><strong>Newsletter<\/strong><\/p>\n\n\n\n<p>F\u00fcr den Versand des Newsletters verwenden wir das sogenannte Double Opt-In-Verfahren, d.h., wir werden Ihnen erst dann einen Newsletter per E-Mail zusenden, wenn Sie uns zuvor ausdr\u00fccklich best\u00e4tigt haben, dass wir den Newsletter-Dienst aktivieren sollen. Wir werden Ihnen dann eine Benachrichtigungs-E-Mail zusenden und Sie bitten, durch das Anklicken eines in dieser E-Mail enthaltenen Links zu best\u00e4tigen, dass Sie unseren Newsletter erhalten m\u00f6chten. Bei Ihrer Anmeldung zu unserem Newsletter speichern wir Ihre IP-Adresse und das Datum der Anmeldung. Diese Speicherung dient allein dem Nachweis f\u00fcr den Fall, dass ein Dritter ihre E-Mailadresse missbraucht um Sie ohne Ihr Wissen oder Ihre Berechtigung f\u00fcr den Newsletterempfang anzumelden. Sollten Sie sp\u00e4ter keine Newsletter mehr von uns erhalten wollen, k\u00f6nnen Sie diesem jederzeit widersprechen, ohne dass hierf\u00fcr andere als die \u00dcbermittlungskosten nach den Basistarifen entstehen.<\/p>\n\n\n\n<p><strong>Sicherheit<\/strong><\/p>\n\n\n\n<p>Wir haben technische und administrative Sicherheitsvorkehrungen getroffen, um Ihre personenbezogenen Daten gegen Verlust, Zerst\u00f6rung, Manipulation und unautorisierten Zugriff zu sch\u00fctzen. All unsere Mitarbeiter sowie f\u00fcr uns t\u00e4tige Dienstleister sind auf die g\u00fcltigen Datenschutzgesetze verpflichtet.<\/p>\n\n\n\n<p>Wann immer wir personenbezogene Daten sammeln und verarbeiten werden diese verschl\u00fcsselt bevor sie \u00fcbertragen werden. Das hei\u00dft, dass Ihre Daten nicht von Dritten missbraucht werden k\u00f6nnen. Unsere Sicherheitsvorkehrungen unterliegen dabei einem st\u00e4ndigen Verbesserungsprozess und unsere Datenschutzerkl\u00e4rungen werden st\u00e4ndig \u00fcberarbeitet. Bitte stellen Sie sicher, dass Ihnen die aktuellste Version vorliegt.<\/p>\n\n\n\n<p><strong>Betroffenenrechte<\/strong><\/p>\n\n\n\n<p>Bitte kontaktieren Sie uns jederzeit, wenn Sie sich dar\u00fcber informieren m\u00f6chten, welche personenbezogenen Daten wir \u00fcber Sie speichern bzw. wenn Sie diese berichtigen oder l\u00f6schen lassen wollen. Des Weiteren haben Sie das Recht auf Einschr\u00e4nkung der Verarbeitung (Art. 18 DSGVO), ein Widerspruchsrechts gegen die Verarbeitung (Art. 21 DSGVO) sowie das Recht auf Daten\u00fcbertragbarkeit (Art. 20 DSGVO).<\/p>\n\n\n\n<p>In diesen F\u00e4llen wenden Sie sich bitte direkt an uns.<\/p>\n\n\n\n<p><strong>\u00c4nderungen dieser Datenschutzerkl\u00e4rung<\/strong><\/p>\n\n\n\n<p>Wir behalten uns das Recht vor, unsere Datenschutzerkl\u00e4rungen zu \u00e4ndern, falls dies aufgrund neuer Technologien notwendig sein sollte. Bitte stellen Sie sicher, dass Ihnen die aktuelle Version vorliegt. Werden an dieser Datenschutzerkl\u00e4rung grundlegende \u00c4nderungen vorgenommen, geben wir diese auf unserer Website bekannt.<\/p>\n\n\n\n<p>Alle Interessenten und Besucher unserer Internetseite erreichen uns in Datenschutzfragen unter:<\/p>\n\n\n\n<p>E-Mail:&nbsp;<a href=\"mailto:info@ibo-tec.de\">info@ibo-tec.de<\/a><\/p>\n\n\n\n<p>Sollten wir Ihr Anliegen nicht zu Ihrer Zufriedenheit beantworten k\u00f6nnen, bleibt Ihnen in jedem Falle ihr Recht auf Beschwerde bei der f\u00fcr Ihr Bundesland zust\u00e4ndigen Datenschutz-Aufsichtsbeh\u00f6rde.<\/p>\n","protected":false},"excerpt":{"rendered":"<p>Wir nehmen Datenschutz ernst. Der Schutz Ihrer Privatsph\u00e4re bei der Verarbeitung pers\u00f6nlicher Daten ist f\u00fcr uns ein wichtiges Anliegen. Wenn Sie unsere Webseite besuchen, speichern unsere Webserver standardm\u00e4\u00dfig die IP Ihres Internet Service Provider, die Webseite, von der aus Sie uns besuchen, die Webseiten, die Sie bei uns besuchen sowie das Datum und die Dauer [&hellip;]<\/p>\n","protected":false},"author":4,"featured_media":0,"parent":0,"menu_order":0,"comment_status":"closed","ping_status":"closed","template":"","meta":{"_acf_changed":false,"inline_featured_image":false,"footnotes":""},"class_list":["post-237","page","type-page","status-publish","hentry"],"acf":[],"_links":{"self":[{"href":"https:\/\/wordpress.ibo-tec.de\/de\/wp-json\/wp\/v2\/pages\/237","targetHints":{"allow":["GET"]}}],"collection":[{"href":"https:\/\/wordpress.ibo-tec.de\/de\/wp-json\/wp\/v2\/pages"}],"about":[{"href":"https:\/\/wordpress.ibo-tec.de\/de\/wp-json\/wp\/v2\/types\/page"}],"author":[{"embeddable":true,"href":"https:\/\/wordpress.ibo-tec.de\/de\/wp-json\/wp\/v2\/users\/4"}],"replies":[{"embeddable":true,"href":"https:\/\/wordpress.ibo-tec.de\/de\/wp-json\/wp\/v2\/comments?post=237"}],"version-history":[{"count":3,"href":"https:\/\/wordpress.ibo-tec.de\/de\/wp-json\/wp\/v2\/pages\/237\/revisions"}],"predecessor-version":[{"id":285,"href":"https:\/\/wordpress.ibo-tec.de\/de\/wp-json\/wp\/v2\/pages\/237\/revisions\/285"}],"wp:attachment":[{"href":"https:\/\/wordpress.ibo-tec.de\/de\/wp-json\/wp\/v2\/media?parent=237"}],"curies":[{"name":"wp","href":"https:\/\/api.w.org\/{rel}","templated":true}]}}